{"id":7892,"date":"2023-03-28T04:39:15","date_gmt":"2023-03-28T02:39:15","guid":{"rendered":"https:\/\/hostalolga.com\/spa-wellness\/"},"modified":"2026-01-15T11:47:40","modified_gmt":"2026-01-15T10:47:40","slug":"spa-wellness","status":"publish","type":"page","link":"https:\/\/hostalolga.com\/fr\/spa-wellness\/","title":{"rendered":"Spa &amp; Wellness"},"content":{"rendered":"\t\t<div data-elementor-type=\"wp-page\" data-elementor-id=\"7892\" class=\"elementor elementor-7892 elementor-254\" data-elementor-post-type=\"page\">\n\t\t\t\t\t\t<section class=\"elementor-section elementor-top-section elementor-element elementor-element-2c8a1b4f elementor-section-height-min-height cs-section-content-fullwidth cs-parallax-on-scroll cs_scroll_y_80 elementor-section-boxed elementor-section-height-default elementor-section-items-middle\" data-id=\"2c8a1b4f\" data-element_type=\"section\" data-e-type=\"section\" data-settings=\"{&quot;background_background&quot;:&quot;classic&quot;}\" data-cs-parallax-y=\"80\" style=\"background-image: none;\" data-cs-background-image=\"https:\/\/hostalolga.com\/wp-content\/uploads\/2026\/01\/DSC_8112.jpg\" data-cs-background-image-alt-text=\"\">\n\t\t\t\t\t\t\t<div class=\"elementor-background-overlay\"><\/div>\n\t\t\t\t\t\t\t<div class=\"elementor-container elementor-column-gap-no\">\n\t\t\t\t\t<div class=\"elementor-column elementor-col-100 elementor-top-column elementor-element elementor-element-47215de1 dark-color\" data-id=\"47215de1\" data-element_type=\"column\" data-e-type=\"column\">\n\t\t\t<div class=\"elementor-widget-wrap elementor-element-populated\">\n\t\t\t\t\t\t<div class=\"elementor-element elementor-element-5e21fef5 elementor-widget-mobile__width-auto elementor-widget elementor-widget-cs_title\" data-id=\"5e21fef5\" data-element_type=\"widget\" data-e-type=\"widget\" data-widget_type=\"cs_title.default\">\n\t\t\t\t<div class=\"elementor-widget-container\">\n\t\t\t\t\t\n        <div class=\"cs-title-wrap text-center\">\t            <h1 class=\"cs-title\">\n\t                Spa &amp; Wellness\t            <\/h1>\t            <div class=\"cs-title-text\">\n\t                <p class=\"\" data-start=\"237\" data-end=\"299\">D\u00e9couvrez un espace exclusif con\u00e7u pour vous reconnecter avec votre corps, apaiser l\u2019esprit et vivre le silence comme un v\u00e9ritable luxe.<\/p>\t            <\/div>        <\/div>\t\t\t\t<\/div>\n\t\t\t\t<\/div>\n\t\t\t\t\t<\/div>\n\t\t<\/div>\n\t\t\t\t\t<\/div>\n\t\t<\/section>\n\t\t\t\t<section class=\"elementor-section elementor-top-section elementor-element elementor-element-3826de4 cs-section-content-fullwidth cs_scroll_y_80 cs-parallax-on-scroll elementor-section-boxed elementor-section-height-default elementor-section-height-default\" data-id=\"3826de4\" data-element_type=\"section\" data-e-type=\"section\" data-settings=\"{&quot;background_background&quot;:&quot;classic&quot;}\" data-cs-parallax-y=\"80\">\n\t\t\t\t\t\t\t<div class=\"elementor-background-overlay\"><\/div>\n\t\t\t\t\t\t\t<div class=\"elementor-container elementor-column-gap-no\">\n\t\t\t\t\t<div class=\"elementor-column elementor-col-100 elementor-top-column elementor-element elementor-element-4ce94b71\" data-id=\"4ce94b71\" data-element_type=\"column\" data-e-type=\"column\">\n\t\t\t<div class=\"elementor-widget-wrap elementor-element-populated\">\n\t\t\t\t\t\t<div class=\"elementor-element elementor-element-105820f2 cs-animation-small-offset elementor-invisible elementor-widget elementor-widget-cs_title\" data-id=\"105820f2\" data-element_type=\"widget\" data-e-type=\"widget\" data-settings=\"{&quot;_animation&quot;:&quot;fadeInUp&quot;,&quot;_animation_delay&quot;:150}\" data-widget_type=\"cs_title.default\">\n\t\t\t\t<div class=\"elementor-widget-container\">\n\t\t\t\t\t\n        <div class=\"cs-title-wrap text-center\">\t            <div class=\"cs-subtitle-wrap\"><span class=\"cs-subtitle color-primary\">Bien-\u00eatre, exclusivit\u00e9 et harmonie au c\u0153ur de la Costa Brava\n<\/span><\/div>\t            <h3 class=\"cs-title\">\n\t                Bien-\u00eatre \u00e0 l\u2019\u00c2me M\u00e9diterran\u00e9enne\n\t            <\/h3>\t            <div class=\"cs-title-text\">\n\t                <p>\u00c0 <strong>l\u2019Hostal Spa Olga,<\/strong> nous vous offrons une v\u00e9ritable oasis de tranquillit\u00e9 au c\u0153ur de la Costa Brava. Notre<g id=\"gid_1\"> Spa &amp; Wellness<\/g> associe un circuit d\u2019eaux thermales et de saunas \u00e0 une carte raffin\u00e9e de massages, rituels corporels et soins de physioth\u00e9rapie. Que vous recherchiez un moment de calme ou une attention sp\u00e9cifique, vous trouverez ici votre espace pour arr\u00eater le temps et prendre soin de vous.  <\/p>\t            <\/div>        <\/div>\t\t\t\t<\/div>\n\t\t\t\t<\/div>\n\t\t\t\t\t<\/div>\n\t\t<\/div>\n\t\t\t\t\t<\/div>\n\t\t<\/section>\n\t\t<div class=\"elementor-element elementor-element-5d53f43 e-con-full e-flex e-con e-parent\" data-id=\"5d53f43\" data-element_type=\"container\" data-e-type=\"container\" data-settings=\"{&quot;background_background&quot;:&quot;slideshow&quot;,&quot;background_slideshow_gallery&quot;:[],&quot;background_slideshow_loop&quot;:&quot;yes&quot;,&quot;background_slideshow_slide_duration&quot;:5000,&quot;background_slideshow_slide_transition&quot;:&quot;fade&quot;,&quot;background_slideshow_transition_duration&quot;:500}\">\n\t\t\t\t<div class=\"elementor-element elementor-element-2c3c668 elementor-widget__width-auto elementor-widget elementor-widget-cs_call_to_action\" data-id=\"2c3c668\" data-element_type=\"widget\" data-e-type=\"widget\" data-settings=\"{&quot;overlay_background&quot;:&quot;classic&quot;}\" data-widget_type=\"cs_call_to_action.default\">\n\t\t\t\t<div class=\"elementor-widget-container\">\n\t\t\t\t\t\n\t\t<div class=\"cs-cta cta-layout-text-overlap content-middle text-center cta-hover-img-zoom\">\n            <div class=\"cs-cta-wrap\">\t\t               \t<div class=\"cs-cta-img\">\n\t\t                    <img decoding=\"async\" src=\"https:\/\/hostalolga.com\/wp-content\/uploads\/elementor\/thumbs\/DSC_8201-1-e1768473953285-rhosq0xeptrq44tvp6j8h9ok8mc0zuruvsw6z9g5ck.jpg\" title=\"DSC_8201\" alt=\"DSC_8201\" loading=\"lazy\" \/>\t\t                <\/div>                <div class=\"cs-cta-overlay\"><\/div>\n                <div class=\"cs-cta-content\">\t\t\t\t\t<div class=\"cs-subtitle-wrap\"><span class=\"cs-subtitle\">Exp\u00e9riences sensorielles qui coulent avec la brise et le rythme de la M\u00e9diterran\u00e9e<\/span><\/div>\t\t            <h4 class=\"cs-cta-title cs-title color-white\">\n\t\t                Spa HO\t\t            <\/h4>\t\t            <div class=\"cs-cta-text color-white\">\n\t\t                <p>Bien-\u00eatre et calme \u00e0 travers l\u2019eau, les saunas et la chaleur,<\/p><p>dans un parcours priv\u00e9 pour un maximum de 5 personnes, con\u00e7u pour \u00e9quilibrer corps et esprit.<\/p><p>Id\u00e9al pour pr\u00e9parer le corps avant un massage ou simplement pour t\u2019offrir une pause.<\/p>\t\t            <\/div>\t                <div class=\"cs-cta-btn\">\n\t                    <a class=\"button cs-btn-color-primary cs-btn-square\" role=\"button\" href=\"https:\/\/hostalolga.com\/fr\/spa-wellness\/carte-des-rituals\/#spa\" target=\"_blank\">\n\t                        <span class=\"cs-btn-text\">Voir la Carte<\/span>\t                    <\/a>\n\t                <\/div>\t\t\t<\/div>                <a class=\"cs-cta-link\" href=\"#\" aria-label=\"Call to Action Link\"><\/a>            <\/div>\n        <\/div>\t\t\t\t<\/div>\n\t\t\t\t<\/div>\n\t\t\t\t<\/div>\n\t\t<div class=\"elementor-element elementor-element-e8490a9 e-con-full e-flex e-con e-parent\" data-id=\"e8490a9\" data-element_type=\"container\" data-e-type=\"container\">\n\t\t\t\t<div class=\"elementor-element elementor-element-f22169b elementor-widget__width-initial elementor-widget elementor-widget-cs_divider\" data-id=\"f22169b\" data-element_type=\"widget\" data-e-type=\"widget\" data-widget_type=\"cs_divider.default\">\n\t\t\t\t<div class=\"elementor-widget-container\">\n\t\t\t\t\t\n        <div class=\"cs-divider\">            <div class=\"cs-d-line\"><\/div>        <\/div>\t\t\t\t<\/div>\n\t\t\t\t<\/div>\n\t\t\t\t<\/div>\n\t\t<div class=\"elementor-element elementor-element-83f0371 e-con-full e-flex e-con e-parent\" data-id=\"83f0371\" data-element_type=\"container\" data-e-type=\"container\">\n\t\t\t\t<div class=\"elementor-element elementor-element-9595551 elementor-widget__width-auto elementor-widget elementor-widget-cs_call_to_action\" data-id=\"9595551\" data-element_type=\"widget\" data-e-type=\"widget\" data-settings=\"{&quot;overlay_background&quot;:&quot;classic&quot;}\" data-widget_type=\"cs_call_to_action.default\">\n\t\t\t\t<div class=\"elementor-widget-container\">\n\t\t\t\t\t\n\t\t<div class=\"cs-cta cta-layout-text-overlap content-middle text-center cta-hover-img-zoom\">\n            <div class=\"cs-cta-wrap\">\t\t               \t<div class=\"cs-cta-img\">\n\t\t                    <img decoding=\"async\" src=\"https:\/\/hostalolga.com\/wp-content\/uploads\/elementor\/thumbs\/DSC_7903-e1768473991615-rhot5k7do91c049hzea96ujtovrf7rg5cp23iwewic.jpg\" title=\"DSC_7903\" alt=\"DSC_7903\" loading=\"lazy\" \/>\t\t                <\/div>                <div class=\"cs-cta-overlay\"><\/div>\n                <div class=\"cs-cta-content\">\t\t\t\t\t<div class=\"cs-subtitle-wrap\"><span class=\"cs-subtitle\">Un espace o\u00f9 le toucher, l\u2019odeur et le silence deviennent th\u00e9rapie<\/span><\/div>\t\t            <h4 class=\"cs-cta-title cs-title color-white\">\n\t\t                Rituels HO\t\t            <\/h4>\t\t            <div class=\"cs-cta-text color-white\">\n\t\t                <p>Massages, rituels et soins con\u00e7us pour prendre soin de toi de l\u2019int\u00e9rieur vers l\u2019ext\u00e9rieur,<\/p><p>adapt\u00e9s \u00e0 tes besoins : relaxants, d\u00e9contracturants, sportifs, de r\u00e9cup\u00e9ration ou de drainage.<\/p>\t\t            <\/div>\t                <div class=\"cs-cta-btn\">\n\t                    <a class=\"button cs-btn-color-primary cs-btn-square\" role=\"button\" href=\"https:\/\/hostalolga.com\/fr\/spa-wellness\/carte-des-rituals\/#wellness\" target=\"_blank\">\n\t                        <span class=\"cs-btn-text\">Voir la Carte<\/span>\t                    <\/a>\n\t                <\/div>\t\t\t<\/div>                <a class=\"cs-cta-link\" href=\"#\" aria-label=\"Call to Action Link\"><\/a>            <\/div>\n        <\/div>\t\t\t\t<\/div>\n\t\t\t\t<\/div>\n\t\t\t\t<\/div>\n\t\t<div class=\"elementor-element elementor-element-aa06f74 e-con-full e-flex e-con e-parent\" data-id=\"aa06f74\" data-element_type=\"container\" data-e-type=\"container\">\n\t\t\t\t<div class=\"elementor-element elementor-element-41598b6 elementor-widget__width-initial elementor-widget elementor-widget-cs_divider\" data-id=\"41598b6\" data-element_type=\"widget\" data-e-type=\"widget\" data-widget_type=\"cs_divider.default\">\n\t\t\t\t<div class=\"elementor-widget-container\">\n\t\t\t\t\t\n        <div class=\"cs-divider\">            <div class=\"cs-d-line\"><\/div>        <\/div>\t\t\t\t<\/div>\n\t\t\t\t<\/div>\n\t\t\t\t<\/div>\n\t\t<div class=\"elementor-element elementor-element-be3edaa e-con-full e-flex e-con e-parent\" data-id=\"be3edaa\" data-element_type=\"container\" data-e-type=\"container\">\n\t\t\t\t<div class=\"elementor-element elementor-element-81d19cc elementor-widget__width-auto elementor-widget elementor-widget-cs_call_to_action\" data-id=\"81d19cc\" data-element_type=\"widget\" data-e-type=\"widget\" data-settings=\"{&quot;overlay_background&quot;:&quot;classic&quot;}\" data-widget_type=\"cs_call_to_action.default\">\n\t\t\t\t<div class=\"elementor-widget-container\">\n\t\t\t\t\t\n\t\t<div class=\"cs-cta cta-layout-text-overlap content-middle text-center cta-hover-img-zoom\">\n            <div class=\"cs-cta-wrap\">\t\t               \t<div class=\"cs-cta-img\">\n\t\t                    <img decoding=\"async\" src=\"https:\/\/hostalolga.com\/wp-content\/uploads\/elementor\/thumbs\/BANNERS-WEB-3-rf6nzxsh11keplzykdmscvyab4dvlctozjtl0kxg5w.jpg\" title=\"BANNERS WEB (3)\" alt=\"BANNERS WEB (3)\" loading=\"lazy\" \/>\t\t                <\/div>                <div class=\"cs-cta-overlay\"><\/div>\n                <div class=\"cs-cta-content\">\t\t\t\t\t<div class=\"cs-subtitle-wrap\"><span class=\"cs-subtitle\">Nous prenons soin de ton corps avec pr\u00e9cision, respect et calme.<\/span><\/div>\t\t            <h4 class=\"cs-cta-title cs-title color-white\">\n\t\t                \u00c9quilibre et Mouvement\t\t            <\/h4>\t\t            <div class=\"cs-cta-text color-white\">\n\t\t                <p>Un espace d\u00e9di\u00e9 \u00e0 restaurer l\u2019\u00e9quilibre physique, soulager les tensions et<\/p><p>favoriser le bien-\u00eatre gr\u00e2ce \u00e0 des techniques th\u00e9rapeutiques adapt\u00e9es \u00e0 toi.<\/p>\t\t            <\/div>\t                <div class=\"cs-cta-btn\">\n\t                    <a class=\"button cs-btn-color-primary cs-btn-square\" role=\"button\" href=\"https:\/\/hostalolga.com\/fr\/spa-wellness\/carte-des-rituals\/#fisioterapia\" target=\"_blank\">\n\t                        <span class=\"cs-btn-text\">Voir la Carte<\/span>\t                    <\/a>\n\t                <\/div>\t\t\t<\/div>                <a class=\"cs-cta-link\" href=\"#\" aria-label=\"Call to Action Link\"><\/a>            <\/div>\n        <\/div>\t\t\t\t<\/div>\n\t\t\t\t<\/div>\n\t\t\t\t<\/div>\n\t\t<div class=\"elementor-element elementor-element-e20695c e-con-full e-flex e-con e-parent\" data-id=\"e20695c\" data-element_type=\"container\" data-e-type=\"container\">\n\t\t\t\t<div class=\"elementor-element elementor-element-c5f9c54 elementor-widget__width-initial elementor-widget elementor-widget-cs_divider\" data-id=\"c5f9c54\" data-element_type=\"widget\" data-e-type=\"widget\" data-widget_type=\"cs_divider.default\">\n\t\t\t\t<div class=\"elementor-widget-container\">\n\t\t\t\t\t\n        <div class=\"cs-divider\">            <div class=\"cs-d-line\"><\/div>        <\/div>\t\t\t\t<\/div>\n\t\t\t\t<\/div>\n\t\t\t\t<\/div>\n\t\t\t\t<\/div>\n\t\t","protected":false},"excerpt":{"rendered":"<p>Spa &amp; Wellness D\u00e9couvrez un espace exclusif con\u00e7u pour vous reconnecter avec votre corps, apaiser l\u2019esprit et vivre le silence comme un v\u00e9ritable luxe. Bien-\u00eatre, exclusivit\u00e9 et harmonie au c\u0153ur de la Costa Brava Bien-\u00eatre \u00e0 l\u2019\u00c2me M\u00e9diterran\u00e9enne \u00c0 l\u2019Hostal Spa Olga, nous vous offrons une v\u00e9ritable oasis de tranquillit\u00e9 au c\u0153ur de la Costa &#8230;<\/p>\n","protected":false},"author":2,"featured_media":7331,"parent":0,"menu_order":0,"comment_status":"closed","ping_status":"closed","template":"template-wide-content.php","meta":{"cozystay_single_page_hide_site_header":"","cozystay_single_page_site_header_source":"","cozystay_single_page_custom_site_header":"0","cozystay_single_page_custom_sticky_site_header":"0","cozystay_single_page_hide_page_title":"","cozystay_single_page_header_section_size":"","cozystay_single_page_header_background_color":"","cozystay_single_page_header_background_position_x":"center","cozystay_single_page_header_background_position_y":"center","cozystay_single_page_header_background_size":"cover","cozystay_single_page_header_background_repeat":"off","cozystay_single_page_header_background_scroll":"on","cozystay_single_page_header_text_color":"","cozystay_single_page_header_show_breadcrumb":"","cozystay_single_page_site_footer_hide_main":"","cozystay_single_custom_site_footer_main_source":"","cozystay_single_custom_site_footer_main":"0","cozystay_single_page_site_footer_hide_above":"","cozystay_single_custom_site_footer_above_source":"","cozystay_single_custom_site_footer_above":"0","cozystay_single_page_site_footer_hide_instagram":"","cozystay_single_page_site_footer_hide_bottom":"","cozystay_single_custom_mobile_menu_source":"","cozystay_single_custom_mobile_menu":"0","cozystay_single_custom_mobile_menu_animation":"","cozystay_single_custom_mobile_menu_width":"","cozystay_single_custom_mobile_menu_custom_width":375,"footnotes":""},"class_list":["post-7892","page","type-page","status-publish","has-post-thumbnail","hentry"],"yoast_head":"<!-- This site is optimized with the Yoast SEO plugin v27.4 - https:\/\/yoast.com\/product\/yoast-seo-wordpress\/ -->\n<title>Spa &amp; Wellness - Hostal Spa Olga<\/title>\n<meta name=\"description\" content=\"Massages, rituels et circuits d\u2019eau face \u00e0 la mer. Bien-\u00eatre m\u00e9diterran\u00e9en \u00e0 Sant Antoni de Calonge, o\u00f9 prendre soin de soi c\u2019est ressentir \u00e0 nouveau.\" \/>\n<meta name=\"robots\" content=\"index, follow, max-snippet:-1, max-image-preview:large, max-video-preview:-1\" \/>\n<link rel=\"canonical\" href=\"https:\/\/hostalolga.com\/fr\/spa-wellness\/\" \/>\n<meta property=\"og:locale\" content=\"fr_FR\" \/>\n<meta property=\"og:type\" content=\"article\" \/>\n<meta property=\"og:title\" content=\"Spa &amp; Wellness - Hostal Spa Olga\" \/>\n<meta property=\"og:description\" content=\"Massages, rituels et circuits d\u2019eau face \u00e0 la mer. Bien-\u00eatre m\u00e9diterran\u00e9en \u00e0 Sant Antoni de Calonge, o\u00f9 prendre soin de soi c\u2019est ressentir \u00e0 nouveau.\" \/>\n<meta property=\"og:url\" content=\"https:\/\/hostalolga.com\/fr\/spa-wellness\/\" \/>\n<meta property=\"og:site_name\" content=\"Hostal Spa Olga\" \/>\n<meta property=\"article:modified_time\" content=\"2026-01-15T10:47:40+00:00\" \/>\n<meta property=\"og:image\" content=\"https:\/\/hostalolga.com\/wp-content\/uploads\/2025\/07\/5-1024x576.png\" \/>\n\t<meta property=\"og:image:width\" content=\"1024\" \/>\n\t<meta property=\"og:image:height\" content=\"576\" \/>\n\t<meta property=\"og:image:type\" content=\"image\/png\" \/>\n<meta name=\"twitter:card\" content=\"summary_large_image\" \/>\n<meta name=\"twitter:label1\" content=\"Dur\u00e9e de lecture estim\u00e9e\" \/>\n\t<meta name=\"twitter:data1\" content=\"1 minute\" \/>\n<script type=\"application\/ld+json\" class=\"yoast-schema-graph\">{\"@context\":\"https:\\\/\\\/schema.org\",\"@graph\":[{\"@type\":\"WebPage\",\"@id\":\"https:\\\/\\\/hostalolga.com\\\/fr\\\/spa-wellness\\\/\",\"url\":\"https:\\\/\\\/hostalolga.com\\\/fr\\\/spa-wellness\\\/\",\"name\":\"Spa & Wellness - Hostal Spa Olga\",\"isPartOf\":{\"@id\":\"https:\\\/\\\/hostalolga.com\\\/fr\\\/#website\"},\"primaryImageOfPage\":{\"@id\":\"https:\\\/\\\/hostalolga.com\\\/fr\\\/spa-wellness\\\/#primaryimage\"},\"image\":{\"@id\":\"https:\\\/\\\/hostalolga.com\\\/fr\\\/spa-wellness\\\/#primaryimage\"},\"thumbnailUrl\":\"https:\\\/\\\/hostalolga.com\\\/wp-content\\\/uploads\\\/2025\\\/07\\\/5.png\",\"datePublished\":\"2023-03-28T02:39:15+00:00\",\"dateModified\":\"2026-01-15T10:47:40+00:00\",\"description\":\"Massages, rituels et circuits d\u2019eau face \u00e0 la mer. Bien-\u00eatre m\u00e9diterran\u00e9en \u00e0 Sant Antoni de Calonge, o\u00f9 prendre soin de soi c\u2019est ressentir \u00e0 nouveau.\",\"breadcrumb\":{\"@id\":\"https:\\\/\\\/hostalolga.com\\\/fr\\\/spa-wellness\\\/#breadcrumb\"},\"inLanguage\":\"fr-FR\",\"potentialAction\":[{\"@type\":\"ReadAction\",\"target\":[\"https:\\\/\\\/hostalolga.com\\\/fr\\\/spa-wellness\\\/\"]}]},{\"@type\":\"ImageObject\",\"inLanguage\":\"fr-FR\",\"@id\":\"https:\\\/\\\/hostalolga.com\\\/fr\\\/spa-wellness\\\/#primaryimage\",\"url\":\"https:\\\/\\\/hostalolga.com\\\/wp-content\\\/uploads\\\/2025\\\/07\\\/5.png\",\"contentUrl\":\"https:\\\/\\\/hostalolga.com\\\/wp-content\\\/uploads\\\/2025\\\/07\\\/5.png\",\"width\":1920,\"height\":1080},{\"@type\":\"BreadcrumbList\",\"@id\":\"https:\\\/\\\/hostalolga.com\\\/fr\\\/spa-wellness\\\/#breadcrumb\",\"itemListElement\":[{\"@type\":\"ListItem\",\"position\":1,\"name\":\"Portada\",\"item\":\"https:\\\/\\\/hostalolga.com\\\/fr\\\/\"},{\"@type\":\"ListItem\",\"position\":2,\"name\":\"Spa &amp; Wellness\"}]},{\"@type\":\"WebSite\",\"@id\":\"https:\\\/\\\/hostalolga.com\\\/fr\\\/#website\",\"url\":\"https:\\\/\\\/hostalolga.com\\\/fr\\\/\",\"name\":\"Hostal Spa Olga\",\"description\":\"Un m\u00f3n de sabor i confort a tocar del mar\",\"publisher\":{\"@id\":\"https:\\\/\\\/hostalolga.com\\\/fr\\\/#organization\"},\"potentialAction\":[{\"@type\":\"SearchAction\",\"target\":{\"@type\":\"EntryPoint\",\"urlTemplate\":\"https:\\\/\\\/hostalolga.com\\\/fr\\\/?s={search_term_string}\"},\"query-input\":{\"@type\":\"PropertyValueSpecification\",\"valueRequired\":true,\"valueName\":\"search_term_string\"}}],\"inLanguage\":\"fr-FR\"},{\"@type\":\"Organization\",\"@id\":\"https:\\\/\\\/hostalolga.com\\\/fr\\\/#organization\",\"name\":\"Hostal Spa Olga\",\"url\":\"https:\\\/\\\/hostalolga.com\\\/fr\\\/\",\"logo\":{\"@type\":\"ImageObject\",\"inLanguage\":\"fr-FR\",\"@id\":\"https:\\\/\\\/hostalolga.com\\\/fr\\\/#\\\/schema\\\/logo\\\/image\\\/\",\"url\":\"https:\\\/\\\/hostalolga.com\\\/wp-content\\\/uploads\\\/2025\\\/03\\\/cropped-Diseno-sin-titulo-7.png\",\"contentUrl\":\"https:\\\/\\\/hostalolga.com\\\/wp-content\\\/uploads\\\/2025\\\/03\\\/cropped-Diseno-sin-titulo-7.png\",\"width\":857,\"height\":537,\"caption\":\"Hostal Spa Olga\"},\"image\":{\"@id\":\"https:\\\/\\\/hostalolga.com\\\/fr\\\/#\\\/schema\\\/logo\\\/image\\\/\"}}]}<\/script>\n<!-- \/ Yoast SEO plugin. -->","yoast_head_json":{"title":"Spa & Wellness - Hostal Spa Olga","description":"Massages, rituels et circuits d\u2019eau face \u00e0 la mer. Bien-\u00eatre m\u00e9diterran\u00e9en \u00e0 Sant Antoni de Calonge, o\u00f9 prendre soin de soi c\u2019est ressentir \u00e0 nouveau.","robots":{"index":"index","follow":"follow","max-snippet":"max-snippet:-1","max-image-preview":"max-image-preview:large","max-video-preview":"max-video-preview:-1"},"canonical":"https:\/\/hostalolga.com\/fr\/spa-wellness\/","og_locale":"fr_FR","og_type":"article","og_title":"Spa & Wellness - Hostal Spa Olga","og_description":"Massages, rituels et circuits d\u2019eau face \u00e0 la mer. Bien-\u00eatre m\u00e9diterran\u00e9en \u00e0 Sant Antoni de Calonge, o\u00f9 prendre soin de soi c\u2019est ressentir \u00e0 nouveau.","og_url":"https:\/\/hostalolga.com\/fr\/spa-wellness\/","og_site_name":"Hostal Spa Olga","article_modified_time":"2026-01-15T10:47:40+00:00","og_image":[{"width":1024,"height":576,"url":"https:\/\/hostalolga.com\/wp-content\/uploads\/2025\/07\/5-1024x576.png","type":"image\/png"}],"twitter_card":"summary_large_image","twitter_misc":{"Dur\u00e9e de lecture estim\u00e9e":"1 minute"},"schema":{"@context":"https:\/\/schema.org","@graph":[{"@type":"WebPage","@id":"https:\/\/hostalolga.com\/fr\/spa-wellness\/","url":"https:\/\/hostalolga.com\/fr\/spa-wellness\/","name":"Spa & Wellness - Hostal Spa Olga","isPartOf":{"@id":"https:\/\/hostalolga.com\/fr\/#website"},"primaryImageOfPage":{"@id":"https:\/\/hostalolga.com\/fr\/spa-wellness\/#primaryimage"},"image":{"@id":"https:\/\/hostalolga.com\/fr\/spa-wellness\/#primaryimage"},"thumbnailUrl":"https:\/\/hostalolga.com\/wp-content\/uploads\/2025\/07\/5.png","datePublished":"2023-03-28T02:39:15+00:00","dateModified":"2026-01-15T10:47:40+00:00","description":"Massages, rituels et circuits d\u2019eau face \u00e0 la mer. Bien-\u00eatre m\u00e9diterran\u00e9en \u00e0 Sant Antoni de Calonge, o\u00f9 prendre soin de soi c\u2019est ressentir \u00e0 nouveau.","breadcrumb":{"@id":"https:\/\/hostalolga.com\/fr\/spa-wellness\/#breadcrumb"},"inLanguage":"fr-FR","potentialAction":[{"@type":"ReadAction","target":["https:\/\/hostalolga.com\/fr\/spa-wellness\/"]}]},{"@type":"ImageObject","inLanguage":"fr-FR","@id":"https:\/\/hostalolga.com\/fr\/spa-wellness\/#primaryimage","url":"https:\/\/hostalolga.com\/wp-content\/uploads\/2025\/07\/5.png","contentUrl":"https:\/\/hostalolga.com\/wp-content\/uploads\/2025\/07\/5.png","width":1920,"height":1080},{"@type":"BreadcrumbList","@id":"https:\/\/hostalolga.com\/fr\/spa-wellness\/#breadcrumb","itemListElement":[{"@type":"ListItem","position":1,"name":"Portada","item":"https:\/\/hostalolga.com\/fr\/"},{"@type":"ListItem","position":2,"name":"Spa &amp; Wellness"}]},{"@type":"WebSite","@id":"https:\/\/hostalolga.com\/fr\/#website","url":"https:\/\/hostalolga.com\/fr\/","name":"Hostal Spa Olga","description":"Un m\u00f3n de sabor i confort a tocar del mar","publisher":{"@id":"https:\/\/hostalolga.com\/fr\/#organization"},"potentialAction":[{"@type":"SearchAction","target":{"@type":"EntryPoint","urlTemplate":"https:\/\/hostalolga.com\/fr\/?s={search_term_string}"},"query-input":{"@type":"PropertyValueSpecification","valueRequired":true,"valueName":"search_term_string"}}],"inLanguage":"fr-FR"},{"@type":"Organization","@id":"https:\/\/hostalolga.com\/fr\/#organization","name":"Hostal Spa Olga","url":"https:\/\/hostalolga.com\/fr\/","logo":{"@type":"ImageObject","inLanguage":"fr-FR","@id":"https:\/\/hostalolga.com\/fr\/#\/schema\/logo\/image\/","url":"https:\/\/hostalolga.com\/wp-content\/uploads\/2025\/03\/cropped-Diseno-sin-titulo-7.png","contentUrl":"https:\/\/hostalolga.com\/wp-content\/uploads\/2025\/03\/cropped-Diseno-sin-titulo-7.png","width":857,"height":537,"caption":"Hostal Spa Olga"},"image":{"@id":"https:\/\/hostalolga.com\/fr\/#\/schema\/logo\/image\/"}}]}},"_links":{"self":[{"href":"https:\/\/hostalolga.com\/fr\/wp-json\/wp\/v2\/pages\/7892","targetHints":{"allow":["GET"]}}],"collection":[{"href":"https:\/\/hostalolga.com\/fr\/wp-json\/wp\/v2\/pages"}],"about":[{"href":"https:\/\/hostalolga.com\/fr\/wp-json\/wp\/v2\/types\/page"}],"author":[{"embeddable":true,"href":"https:\/\/hostalolga.com\/fr\/wp-json\/wp\/v2\/users\/2"}],"replies":[{"embeddable":true,"href":"https:\/\/hostalolga.com\/fr\/wp-json\/wp\/v2\/comments?post=7892"}],"version-history":[{"count":0,"href":"https:\/\/hostalolga.com\/fr\/wp-json\/wp\/v2\/pages\/7892\/revisions"}],"wp:featuredmedia":[{"embeddable":true,"href":"https:\/\/hostalolga.com\/fr\/wp-json\/wp\/v2\/media\/7331"}],"wp:attachment":[{"href":"https:\/\/hostalolga.com\/fr\/wp-json\/wp\/v2\/media?parent=7892"}],"curies":[{"name":"wp","href":"https:\/\/api.w.org\/{rel}","templated":true}]}}