{"id":6897,"date":"2023-03-28T04:41:51","date_gmt":"2023-03-28T02:41:51","guid":{"rendered":"https:\/\/hostalolga.com\/activites-locales\/"},"modified":"2025-06-20T16:48:13","modified_gmt":"2025-06-20T14:48:13","slug":"activites-locales","status":"publish","type":"page","link":"https:\/\/hostalolga.com\/fr\/activites-locales\/","title":{"rendered":"Activit\u00e9s locales"},"content":{"rendered":"\t\t<div data-elementor-type=\"wp-page\" data-elementor-id=\"6897\" class=\"elementor elementor-6897 elementor-271\" data-elementor-post-type=\"page\">\n\t\t\t\t\t\t<section class=\"elementor-section elementor-top-section elementor-element elementor-element-6e1c050c elementor-section-height-min-height cs-section-content-fullwidth cs-parallax-on-scroll cs_scroll_y_80 elementor-section-boxed elementor-section-height-default elementor-section-items-middle\" data-id=\"6e1c050c\" data-element_type=\"section\" data-e-type=\"section\" data-settings=\"{&quot;background_background&quot;:&quot;classic&quot;}\" data-cs-parallax-y=\"80\" style=\"background-image: none;\" data-cs-background-image=\"https:\/\/hostalolga.com\/wp-content\/uploads\/2025\/04\/3.jpg\" data-cs-background-image-alt-text=\"\">\n\t\t\t\t\t\t\t<div class=\"elementor-background-overlay\"><\/div>\n\t\t\t\t\t\t\t<div class=\"elementor-container elementor-column-gap-no\">\n\t\t\t\t\t<div class=\"elementor-column elementor-col-100 elementor-top-column elementor-element elementor-element-a3b7434 dark-color\" data-id=\"a3b7434\" data-element_type=\"column\" data-e-type=\"column\">\n\t\t\t<div class=\"elementor-widget-wrap elementor-element-populated\">\n\t\t\t\t\t\t<div class=\"elementor-element elementor-element-fc08beb elementor-widget__width-auto elementor-widget elementor-widget-cs_title\" data-id=\"fc08beb\" data-element_type=\"widget\" data-e-type=\"widget\" data-widget_type=\"cs_title.default\">\n\t\t\t\t<div class=\"elementor-widget-container\">\n\t\t\t\t\t\n        <div class=\"cs-title-wrap text-center\">\t            <h1 class=\"cs-title\">\n\t                D\u00e9couvrez<br>Sant Antoni de Calonge\t            <\/h1>\t            <div class=\"cs-title-text\">\n\t                <p>Un coin de la Costa Brava qui invite \u00e0 vivre avec calme, saveur et authenticit\u00e9.<br data-start=\"234\" data-end=\"237\">Profitez d\u2019activit\u00e9s saisonni\u00e8res, de propositions culturelles, de sentiers c\u00f4tiers en bord de mer et d\u2019un environnement naturel <span style=\"font-size: inherit;\">qui vous captivera \u00e0 tout moment de l\u2019ann\u00e9e.<\/span><\/p>\t            <\/div>        <\/div>\t\t\t\t<\/div>\n\t\t\t\t<\/div>\n\t\t\t\t\t<\/div>\n\t\t<\/div>\n\t\t\t\t\t<\/div>\n\t\t<\/section>\n\t\t\t\t<section class=\"elementor-section elementor-top-section elementor-element elementor-element-693ab6ca elementor-section-boxed elementor-section-height-default elementor-section-height-default\" data-id=\"693ab6ca\" data-element_type=\"section\" data-e-type=\"section\">\n\t\t\t\t\t\t<div class=\"elementor-container elementor-column-gap-no\">\n\t\t\t\t\t<div class=\"elementor-column elementor-col-33 elementor-top-column elementor-element elementor-element-195d3034\" data-id=\"195d3034\" data-element_type=\"column\" data-e-type=\"column\">\n\t\t\t<div class=\"elementor-widget-wrap elementor-element-populated\">\n\t\t\t\t\t\t<div class=\"elementor-element elementor-element-2f211818 elementor-widget elementor-widget-cs_call_to_action\" data-id=\"2f211818\" data-element_type=\"widget\" data-e-type=\"widget\" data-widget_type=\"cs_call_to_action.default\">\n\t\t\t\t<div class=\"elementor-widget-container\">\n\t\t\t\t\t\n\t\t<div class=\"cs-cta cta-layout-text-normal text-left cta-hover-img-zoom\">\n            <div class=\"cs-cta-wrap\">\t\t                <div class=\"cs-cta-img-wrap\">\n\t\t\t\t\t        <div class=\"cs-cta-img\">\n\t\t\t\t\t            <img fetchpriority=\"high\" decoding=\"async\" width=\"550\" height=\"367\" src=\"https:\/\/hostalolga.com\/wp-content\/uploads\/2025\/04\/f-estiu-calonge-i-sant-antoni-550x367.jpeg\" class=\"attachment-cozystay_550x9999 size-cozystay_550x9999 wp-image-3877\" alt=\"\" srcset=\"https:\/\/hostalolga.com\/wp-content\/uploads\/2025\/04\/f-estiu-calonge-i-sant-antoni-550x367.jpeg 550w, https:\/\/hostalolga.com\/wp-content\/uploads\/2025\/04\/f-estiu-calonge-i-sant-antoni-150x100.jpeg 150w, https:\/\/hostalolga.com\/wp-content\/uploads\/2025\/04\/f-estiu-calonge-i-sant-antoni-600x400.jpeg 600w, https:\/\/hostalolga.com\/wp-content\/uploads\/2025\/04\/f-estiu-calonge-i-sant-antoni-300x200.jpeg 300w, https:\/\/hostalolga.com\/wp-content\/uploads\/2025\/04\/f-estiu-calonge-i-sant-antoni-1024x683.jpeg 1024w, https:\/\/hostalolga.com\/wp-content\/uploads\/2025\/04\/f-estiu-calonge-i-sant-antoni-768x512.jpeg 768w, https:\/\/hostalolga.com\/wp-content\/uploads\/2025\/04\/f-estiu-calonge-i-sant-antoni-1536x1024.jpeg 1536w, https:\/\/hostalolga.com\/wp-content\/uploads\/2025\/04\/f-estiu-calonge-i-sant-antoni-2048x1365.jpeg 2048w, https:\/\/hostalolga.com\/wp-content\/uploads\/2025\/04\/f-estiu-calonge-i-sant-antoni-1920x1280.jpeg 1920w, https:\/\/hostalolga.com\/wp-content\/uploads\/2025\/04\/f-estiu-calonge-i-sant-antoni-1440x960.jpeg 1440w, https:\/\/hostalolga.com\/wp-content\/uploads\/2025\/04\/f-estiu-calonge-i-sant-antoni-1200x800.jpeg 1200w, https:\/\/hostalolga.com\/wp-content\/uploads\/2025\/04\/f-estiu-calonge-i-sant-antoni-780x520.jpeg 780w, https:\/\/hostalolga.com\/wp-content\/uploads\/2025\/04\/f-estiu-calonge-i-sant-antoni-370x247.jpeg 370w, https:\/\/hostalolga.com\/wp-content\/uploads\/2025\/04\/f-estiu-calonge-i-sant-antoni-255x170.jpeg 255w\" sizes=\"(max-width: 550px) 100vw, 550px\" \/>\t\t\t\t\t        <\/div>\n\t\t\t\t\t        <div class=\"cs-offset-border\"><\/div>\n\t\t\t\t\t\t<\/div>                <div class=\"cs-cta-overlay\"><\/div>                \t<div class=\"cs-cta-label label-top-left\">\n\t\t\t\t\t   <div class=\"cs-cta-label-text\">Recommand\u00e9<\/div>\n\t\t\t\t\t<\/div>\n                <div class=\"cs-cta-content\">\t\t\t\t\t<div class=\"cs-subtitle-wrap\"><span class=\"cs-subtitle\">Culture et tradition<\/span><\/div>\t\t            <h6 class=\"cs-cta-title cs-title\">\n\t\t                F\u00eates populaires et activit\u00e9s culturelles\t\t            <\/h6>\t\t            <div class=\"cs-cta-text\">\n\t\t                <p>Vivez l\u2019authenticit\u00e9 de Sant Antoni avec ses f\u00eates patronales, concerts en plein air et \u00e9v\u00e9nements culturels tout au long de l\u2019ann\u00e9e. Une occasion de d\u00e9couvrir l\u2019essence du village et de ses habitants. <\/p>\t\t            <\/div>\t                <div class=\"cs-cta-btn\">\n\t                    <a class=\"button cs-btn-underline cs-btn-small cs-btn-with-icon\" role=\"button\" href=\"https:\/\/www.calonge.cat\/municipi\/agenda\">\n\t                        <span class=\"cs-btn-text\">D\u00e9couvrir plus<\/span>\t\t\t\t            \t<span class=\"cs-btn-icon icon-arrow\"><\/span>\t                    <\/a>\n\t                <\/div>\t\t\t<\/div>                <a class=\"cs-cta-link\" href=\"https:\/\/www.calonge.cat\/municipi\/agenda\" aria-label=\"Call to Action Link\"><\/a>            <\/div>\n        <\/div>\t\t\t\t<\/div>\n\t\t\t\t<\/div>\n\t\t\t\t\t<\/div>\n\t\t<\/div>\n\t\t\t\t<div class=\"elementor-column elementor-col-33 elementor-top-column elementor-element elementor-element-441b824f\" data-id=\"441b824f\" data-element_type=\"column\" data-e-type=\"column\">\n\t\t\t<div class=\"elementor-widget-wrap elementor-element-populated\">\n\t\t\t\t\t\t<div class=\"elementor-element elementor-element-7155c3fc elementor-widget elementor-widget-cs_call_to_action\" data-id=\"7155c3fc\" data-element_type=\"widget\" data-e-type=\"widget\" data-widget_type=\"cs_call_to_action.default\">\n\t\t\t\t<div class=\"elementor-widget-container\">\n\t\t\t\t\t\n\t\t<div class=\"cs-cta cta-layout-text-normal text-left cta-hover-img-zoom\">\n            <div class=\"cs-cta-wrap\">\t\t                <div class=\"cs-cta-img-wrap\">\n\t\t\t\t\t        <div class=\"cs-cta-img\">\n\t\t\t\t\t            <img decoding=\"async\" width=\"550\" height=\"367\" src=\"https:\/\/hostalolga.com\/wp-content\/uploads\/2025\/04\/CAMI-RONDA-SANTO-ANTONI-CALONGE-550x367.webp\" class=\"attachment-cozystay_550x9999 size-cozystay_550x9999 wp-image-3865\" alt=\"\" srcset=\"https:\/\/hostalolga.com\/wp-content\/uploads\/2025\/04\/CAMI-RONDA-SANTO-ANTONI-CALONGE-550x367.webp 550w, https:\/\/hostalolga.com\/wp-content\/uploads\/2025\/04\/CAMI-RONDA-SANTO-ANTONI-CALONGE-150x100.webp 150w, https:\/\/hostalolga.com\/wp-content\/uploads\/2025\/04\/CAMI-RONDA-SANTO-ANTONI-CALONGE-600x400.webp 600w, https:\/\/hostalolga.com\/wp-content\/uploads\/2025\/04\/CAMI-RONDA-SANTO-ANTONI-CALONGE-300x200.webp 300w, https:\/\/hostalolga.com\/wp-content\/uploads\/2025\/04\/CAMI-RONDA-SANTO-ANTONI-CALONGE-370x247.webp 370w, https:\/\/hostalolga.com\/wp-content\/uploads\/2025\/04\/CAMI-RONDA-SANTO-ANTONI-CALONGE-255x170.webp 255w, https:\/\/hostalolga.com\/wp-content\/uploads\/2025\/04\/CAMI-RONDA-SANTO-ANTONI-CALONGE.webp 768w\" sizes=\"(max-width: 550px) 100vw, 550px\" \/>\t\t\t\t\t        <\/div>\n\t\t\t\t\t        <div class=\"cs-offset-border\"><\/div>\n\t\t\t\t\t\t<\/div>                <div class=\"cs-cta-overlay\"><\/div>                \t<div class=\"cs-cta-label label-top-left\">\n\t\t\t\t\t   <div class=\"cs-cta-label-text\">Meilleur choix<\/div>\n\t\t\t\t\t<\/div>\n                <div class=\"cs-cta-content\">\t\t\t\t\t<div class=\"cs-subtitle-wrap\"><span class=\"cs-subtitle\">Nature et Bien-\u00eatre<\/span><\/div>\t\t            <h6 class=\"cs-cta-title cs-title\">\n\t\t                Sentiers c\u00f4tiers et environnement naturel\t\t            <\/h6>\t\t            <div class=\"cs-cta-text\">\n\t\t                <p>Explorez des sentiers c\u00f4tiers aux vues imprenables, crique apr\u00e8s crique, entre pins et rochers.<br>Parfait pour des promenades tranquilles, des bains d\u2019eau sal\u00e9e et des instants de paix absolue. <\/p>\t\t            <\/div>\t                <div class=\"cs-cta-btn\">\n\t                    <a class=\"button cs-btn-underline cs-btn-small cs-btn-with-icon\" role=\"button\" href=\"https:\/\/ca.wikiloc.com\/wikiloc\/map.do?sw=35.95%2C-9.39&#038;ne=43.75%2C3.04&#038;page=1\">\n\t                        <span class=\"cs-btn-text\">D\u00e9couvrir plus<\/span>\t\t\t\t            \t<span class=\"cs-btn-icon icon-arrow\"><\/span>\t                    <\/a>\n\t                <\/div>\t\t\t<\/div>                <a class=\"cs-cta-link\" href=\"https:\/\/ca.wikiloc.com\/wikiloc\/map.do?sw=35.95%2C-9.39&#038;ne=43.75%2C3.04&#038;page=1\" aria-label=\"Call to Action Link\"><\/a>            <\/div>\n        <\/div>\t\t\t\t<\/div>\n\t\t\t\t<\/div>\n\t\t\t\t\t<\/div>\n\t\t<\/div>\n\t\t\t\t<div class=\"elementor-column elementor-col-33 elementor-top-column elementor-element elementor-element-703a7dfc\" data-id=\"703a7dfc\" data-element_type=\"column\" data-e-type=\"column\">\n\t\t\t<div class=\"elementor-widget-wrap elementor-element-populated\">\n\t\t\t\t\t\t<div class=\"elementor-element elementor-element-fef1429 elementor-widget elementor-widget-cs_call_to_action\" data-id=\"fef1429\" data-element_type=\"widget\" data-e-type=\"widget\" data-widget_type=\"cs_call_to_action.default\">\n\t\t\t\t<div class=\"elementor-widget-container\">\n\t\t\t\t\t\n\t\t<div class=\"cs-cta cta-layout-text-normal text-left cta-hover-img-zoom\">\n            <div class=\"cs-cta-wrap\">\t\t                <div class=\"cs-cta-img-wrap\">\n\t\t\t\t\t        <div class=\"cs-cta-img\">\n\t\t\t\t\t            <img decoding=\"async\" width=\"600\" height=\"404\" src=\"https:\/\/hostalolga.com\/wp-content\/uploads\/2025\/04\/el-castell-de-calonge-presenta-lexposicio-de-montserrat-costa-i-quim-corominas-1-13-1-600x404.jpg\" class=\"attachment-cozystay_600x600-crop size-cozystay_600x600-crop wp-image-3853\" alt=\"\" \/>\t\t\t\t\t        <\/div>\n\t\t\t\t\t        <div class=\"cs-offset-border\"><\/div>\n\t\t\t\t\t\t<\/div>                <div class=\"cs-cta-overlay\"><\/div>                \t<div class=\"cs-cta-label label-top-left\">\n\t\t\t\t\t   <div class=\"cs-cta-label-text\">Recommand\u00e9<\/div>\n\t\t\t\t\t<\/div>\n                <div class=\"cs-cta-content\">\t\t\t\t\t<div class=\"cs-subtitle-wrap\"><span class=\"cs-subtitle\">Art et Cr\u00e9ativit\u00e9<\/span><\/div>\t\t            <h6 class=\"cs-cta-title cs-title\">\n\t\t                Ateliers et expositions locales\n\t\t            <\/h6>\t\t            <div class=\"cs-cta-text\">\n\t\t                <p>D\u00e9couvrez l\u2019\u00e2me artistique de la Costa Brava avec des expositions temporaires, des ateliers cr\u00e9atifs et des espaces qui relient art, territoire et \u00e9motions.<\/p>\t\t            <\/div>\t                <div class=\"cs-cta-btn\">\n\t                    <a class=\"button cs-btn-underline cs-btn-small cs-btn-with-icon\" role=\"button\" href=\"https:\/\/www.calonge.cat\/municipi\/agenda\">\n\t                        <span class=\"cs-btn-text\">D\u00e9couvrir plus<\/span>\t\t\t\t            \t<span class=\"cs-btn-icon icon-arrow\"><\/span>\t                    <\/a>\n\t                <\/div>\t\t\t<\/div>                <a class=\"cs-cta-link\" href=\"https:\/\/www.calonge.cat\/municipi\/agenda\" aria-label=\"Call to Action Link\"><\/a>            <\/div>\n        <\/div>\t\t\t\t<\/div>\n\t\t\t\t<\/div>\n\t\t\t\t\t<\/div>\n\t\t<\/div>\n\t\t\t\t\t<\/div>\n\t\t<\/section>\n\t\t\t\t<\/div>\n\t\t","protected":false},"excerpt":{"rendered":"<p>D\u00e9couvrezSant Antoni de Calonge Un coin de la Costa Brava qui invite \u00e0 vivre avec calme, saveur et authenticit\u00e9.Profitez d\u2019activit\u00e9s saisonni\u00e8res, de propositions culturelles, de sentiers c\u00f4tiers en bord de mer et d\u2019un environnement naturel qui vous captivera \u00e0 tout moment de l\u2019ann\u00e9e. Recommand\u00e9 Culture et tradition F\u00eates populaires et activit\u00e9s culturelles Vivez l\u2019authenticit\u00e9 de &#8230;<\/p>\n","protected":false},"author":2,"featured_media":0,"parent":0,"menu_order":0,"comment_status":"closed","ping_status":"closed","template":"template-wide-content.php","meta":{"cozystay_single_page_hide_site_header":"","cozystay_single_page_site_header_source":"","cozystay_single_page_custom_site_header":"0","cozystay_single_page_custom_sticky_site_header":"0","cozystay_single_page_hide_page_title":"","cozystay_single_page_header_section_size":"","cozystay_single_page_header_background_color":"","cozystay_single_page_header_background_position_x":"center","cozystay_single_page_header_background_position_y":"center","cozystay_single_page_header_background_size":"cover","cozystay_single_page_header_background_repeat":"off","cozystay_single_page_header_background_scroll":"on","cozystay_single_page_header_text_color":"","cozystay_single_page_header_show_breadcrumb":"","cozystay_single_page_site_footer_hide_main":"","cozystay_single_custom_site_footer_main_source":"","cozystay_single_custom_site_footer_main":"0","cozystay_single_page_site_footer_hide_above":"","cozystay_single_custom_site_footer_above_source":"","cozystay_single_custom_site_footer_above":"0","cozystay_single_page_site_footer_hide_instagram":"","cozystay_single_page_site_footer_hide_bottom":"","cozystay_single_custom_mobile_menu_source":"","cozystay_single_custom_mobile_menu":"0","cozystay_single_custom_mobile_menu_animation":"","cozystay_single_custom_mobile_menu_width":"","cozystay_single_custom_mobile_menu_custom_width":375,"footnotes":""},"class_list":["post-6897","page","type-page","status-publish","hentry"],"yoast_head":"<!-- This site is optimized with the Yoast SEO plugin v27.4 - https:\/\/yoast.com\/product\/yoast-seo-wordpress\/ -->\n<title>Activit\u00e9s locales - Hostal Spa Olga<\/title>\n<meta name=\"robots\" content=\"index, follow, max-snippet:-1, max-image-preview:large, max-video-preview:-1\" \/>\n<link rel=\"canonical\" href=\"https:\/\/hostalolga.com\/fr\/activites-locales\/\" \/>\n<meta property=\"og:locale\" content=\"fr_FR\" \/>\n<meta property=\"og:type\" content=\"article\" \/>\n<meta property=\"og:title\" content=\"Activit\u00e9s locales - Hostal Spa Olga\" \/>\n<meta property=\"og:description\" content=\"D\u00e9couvrezSant Antoni de Calonge Un coin de la Costa Brava qui invite \u00e0 vivre avec calme, saveur et authenticit\u00e9.Profitez d\u2019activit\u00e9s saisonni\u00e8res, de propositions culturelles, de sentiers c\u00f4tiers en bord de mer et d\u2019un environnement naturel qui vous captivera \u00e0 tout moment de l\u2019ann\u00e9e. Recommand\u00e9 Culture et tradition F\u00eates populaires et activit\u00e9s culturelles Vivez l\u2019authenticit\u00e9 de ...\" \/>\n<meta property=\"og:url\" content=\"https:\/\/hostalolga.com\/fr\/activites-locales\/\" \/>\n<meta property=\"og:site_name\" content=\"Hostal Spa Olga\" \/>\n<meta property=\"article:modified_time\" content=\"2025-06-20T14:48:13+00:00\" \/>\n<meta property=\"og:image\" content=\"https:\/\/hostalolga.com\/wp-content\/uploads\/2025\/04\/f-estiu-calonge-i-sant-antoni.jpeg\" \/>\n\t<meta property=\"og:image:width\" content=\"2100\" \/>\n\t<meta property=\"og:image:height\" content=\"1400\" \/>\n\t<meta property=\"og:image:type\" content=\"image\/jpeg\" \/>\n<meta name=\"twitter:card\" content=\"summary_large_image\" \/>\n<meta name=\"twitter:label1\" content=\"Dur\u00e9e de lecture estim\u00e9e\" \/>\n\t<meta name=\"twitter:data1\" content=\"1 minute\" \/>\n<script type=\"application\/ld+json\" class=\"yoast-schema-graph\">{\"@context\":\"https:\\\/\\\/schema.org\",\"@graph\":[{\"@type\":\"WebPage\",\"@id\":\"https:\\\/\\\/hostalolga.com\\\/fr\\\/activites-locales\\\/\",\"url\":\"https:\\\/\\\/hostalolga.com\\\/fr\\\/activites-locales\\\/\",\"name\":\"Activit\u00e9s locales - Hostal Spa Olga\",\"isPartOf\":{\"@id\":\"https:\\\/\\\/hostalolga.com\\\/fr\\\/#website\"},\"primaryImageOfPage\":{\"@id\":\"https:\\\/\\\/hostalolga.com\\\/fr\\\/activites-locales\\\/#primaryimage\"},\"image\":{\"@id\":\"https:\\\/\\\/hostalolga.com\\\/fr\\\/activites-locales\\\/#primaryimage\"},\"thumbnailUrl\":\"https:\\\/\\\/hostalolga.com\\\/wp-content\\\/uploads\\\/2025\\\/04\\\/f-estiu-calonge-i-sant-antoni-550x367.jpeg\",\"datePublished\":\"2023-03-28T02:41:51+00:00\",\"dateModified\":\"2025-06-20T14:48:13+00:00\",\"breadcrumb\":{\"@id\":\"https:\\\/\\\/hostalolga.com\\\/fr\\\/activites-locales\\\/#breadcrumb\"},\"inLanguage\":\"fr-FR\",\"potentialAction\":[{\"@type\":\"ReadAction\",\"target\":[\"https:\\\/\\\/hostalolga.com\\\/fr\\\/activites-locales\\\/\"]}]},{\"@type\":\"ImageObject\",\"inLanguage\":\"fr-FR\",\"@id\":\"https:\\\/\\\/hostalolga.com\\\/fr\\\/activites-locales\\\/#primaryimage\",\"url\":\"https:\\\/\\\/hostalolga.com\\\/wp-content\\\/uploads\\\/2025\\\/04\\\/f-estiu-calonge-i-sant-antoni-550x367.jpeg\",\"contentUrl\":\"https:\\\/\\\/hostalolga.com\\\/wp-content\\\/uploads\\\/2025\\\/04\\\/f-estiu-calonge-i-sant-antoni-550x367.jpeg\"},{\"@type\":\"BreadcrumbList\",\"@id\":\"https:\\\/\\\/hostalolga.com\\\/fr\\\/activites-locales\\\/#breadcrumb\",\"itemListElement\":[{\"@type\":\"ListItem\",\"position\":1,\"name\":\"Portada\",\"item\":\"https:\\\/\\\/hostalolga.com\\\/fr\\\/\"},{\"@type\":\"ListItem\",\"position\":2,\"name\":\"Activit\u00e9s locales\"}]},{\"@type\":\"WebSite\",\"@id\":\"https:\\\/\\\/hostalolga.com\\\/fr\\\/#website\",\"url\":\"https:\\\/\\\/hostalolga.com\\\/fr\\\/\",\"name\":\"Hostal Spa Olga\",\"description\":\"Un m\u00f3n de sabor i confort a tocar del mar\",\"publisher\":{\"@id\":\"https:\\\/\\\/hostalolga.com\\\/fr\\\/#organization\"},\"potentialAction\":[{\"@type\":\"SearchAction\",\"target\":{\"@type\":\"EntryPoint\",\"urlTemplate\":\"https:\\\/\\\/hostalolga.com\\\/fr\\\/?s={search_term_string}\"},\"query-input\":{\"@type\":\"PropertyValueSpecification\",\"valueRequired\":true,\"valueName\":\"search_term_string\"}}],\"inLanguage\":\"fr-FR\"},{\"@type\":\"Organization\",\"@id\":\"https:\\\/\\\/hostalolga.com\\\/fr\\\/#organization\",\"name\":\"Hostal Spa Olga\",\"url\":\"https:\\\/\\\/hostalolga.com\\\/fr\\\/\",\"logo\":{\"@type\":\"ImageObject\",\"inLanguage\":\"fr-FR\",\"@id\":\"https:\\\/\\\/hostalolga.com\\\/fr\\\/#\\\/schema\\\/logo\\\/image\\\/\",\"url\":\"https:\\\/\\\/hostalolga.com\\\/wp-content\\\/uploads\\\/2025\\\/03\\\/cropped-Diseno-sin-titulo-7.png\",\"contentUrl\":\"https:\\\/\\\/hostalolga.com\\\/wp-content\\\/uploads\\\/2025\\\/03\\\/cropped-Diseno-sin-titulo-7.png\",\"width\":857,\"height\":537,\"caption\":\"Hostal Spa Olga\"},\"image\":{\"@id\":\"https:\\\/\\\/hostalolga.com\\\/fr\\\/#\\\/schema\\\/logo\\\/image\\\/\"}}]}<\/script>\n<!-- \/ Yoast SEO plugin. -->","yoast_head_json":{"title":"Activit\u00e9s locales - Hostal Spa Olga","robots":{"index":"index","follow":"follow","max-snippet":"max-snippet:-1","max-image-preview":"max-image-preview:large","max-video-preview":"max-video-preview:-1"},"canonical":"https:\/\/hostalolga.com\/fr\/activites-locales\/","og_locale":"fr_FR","og_type":"article","og_title":"Activit\u00e9s locales - Hostal Spa Olga","og_description":"D\u00e9couvrezSant Antoni de Calonge Un coin de la Costa Brava qui invite \u00e0 vivre avec calme, saveur et authenticit\u00e9.Profitez d\u2019activit\u00e9s saisonni\u00e8res, de propositions culturelles, de sentiers c\u00f4tiers en bord de mer et d\u2019un environnement naturel qui vous captivera \u00e0 tout moment de l\u2019ann\u00e9e. Recommand\u00e9 Culture et tradition F\u00eates populaires et activit\u00e9s culturelles Vivez l\u2019authenticit\u00e9 de ...","og_url":"https:\/\/hostalolga.com\/fr\/activites-locales\/","og_site_name":"Hostal Spa Olga","article_modified_time":"2025-06-20T14:48:13+00:00","og_image":[{"width":2100,"height":1400,"url":"https:\/\/hostalolga.com\/wp-content\/uploads\/2025\/04\/f-estiu-calonge-i-sant-antoni.jpeg","type":"image\/jpeg"}],"twitter_card":"summary_large_image","twitter_misc":{"Dur\u00e9e de lecture estim\u00e9e":"1 minute"},"schema":{"@context":"https:\/\/schema.org","@graph":[{"@type":"WebPage","@id":"https:\/\/hostalolga.com\/fr\/activites-locales\/","url":"https:\/\/hostalolga.com\/fr\/activites-locales\/","name":"Activit\u00e9s locales - Hostal Spa Olga","isPartOf":{"@id":"https:\/\/hostalolga.com\/fr\/#website"},"primaryImageOfPage":{"@id":"https:\/\/hostalolga.com\/fr\/activites-locales\/#primaryimage"},"image":{"@id":"https:\/\/hostalolga.com\/fr\/activites-locales\/#primaryimage"},"thumbnailUrl":"https:\/\/hostalolga.com\/wp-content\/uploads\/2025\/04\/f-estiu-calonge-i-sant-antoni-550x367.jpeg","datePublished":"2023-03-28T02:41:51+00:00","dateModified":"2025-06-20T14:48:13+00:00","breadcrumb":{"@id":"https:\/\/hostalolga.com\/fr\/activites-locales\/#breadcrumb"},"inLanguage":"fr-FR","potentialAction":[{"@type":"ReadAction","target":["https:\/\/hostalolga.com\/fr\/activites-locales\/"]}]},{"@type":"ImageObject","inLanguage":"fr-FR","@id":"https:\/\/hostalolga.com\/fr\/activites-locales\/#primaryimage","url":"https:\/\/hostalolga.com\/wp-content\/uploads\/2025\/04\/f-estiu-calonge-i-sant-antoni-550x367.jpeg","contentUrl":"https:\/\/hostalolga.com\/wp-content\/uploads\/2025\/04\/f-estiu-calonge-i-sant-antoni-550x367.jpeg"},{"@type":"BreadcrumbList","@id":"https:\/\/hostalolga.com\/fr\/activites-locales\/#breadcrumb","itemListElement":[{"@type":"ListItem","position":1,"name":"Portada","item":"https:\/\/hostalolga.com\/fr\/"},{"@type":"ListItem","position":2,"name":"Activit\u00e9s locales"}]},{"@type":"WebSite","@id":"https:\/\/hostalolga.com\/fr\/#website","url":"https:\/\/hostalolga.com\/fr\/","name":"Hostal Spa Olga","description":"Un m\u00f3n de sabor i confort a tocar del mar","publisher":{"@id":"https:\/\/hostalolga.com\/fr\/#organization"},"potentialAction":[{"@type":"SearchAction","target":{"@type":"EntryPoint","urlTemplate":"https:\/\/hostalolga.com\/fr\/?s={search_term_string}"},"query-input":{"@type":"PropertyValueSpecification","valueRequired":true,"valueName":"search_term_string"}}],"inLanguage":"fr-FR"},{"@type":"Organization","@id":"https:\/\/hostalolga.com\/fr\/#organization","name":"Hostal Spa Olga","url":"https:\/\/hostalolga.com\/fr\/","logo":{"@type":"ImageObject","inLanguage":"fr-FR","@id":"https:\/\/hostalolga.com\/fr\/#\/schema\/logo\/image\/","url":"https:\/\/hostalolga.com\/wp-content\/uploads\/2025\/03\/cropped-Diseno-sin-titulo-7.png","contentUrl":"https:\/\/hostalolga.com\/wp-content\/uploads\/2025\/03\/cropped-Diseno-sin-titulo-7.png","width":857,"height":537,"caption":"Hostal Spa Olga"},"image":{"@id":"https:\/\/hostalolga.com\/fr\/#\/schema\/logo\/image\/"}}]}},"_links":{"self":[{"href":"https:\/\/hostalolga.com\/fr\/wp-json\/wp\/v2\/pages\/6897","targetHints":{"allow":["GET"]}}],"collection":[{"href":"https:\/\/hostalolga.com\/fr\/wp-json\/wp\/v2\/pages"}],"about":[{"href":"https:\/\/hostalolga.com\/fr\/wp-json\/wp\/v2\/types\/page"}],"author":[{"embeddable":true,"href":"https:\/\/hostalolga.com\/fr\/wp-json\/wp\/v2\/users\/2"}],"replies":[{"embeddable":true,"href":"https:\/\/hostalolga.com\/fr\/wp-json\/wp\/v2\/comments?post=6897"}],"version-history":[{"count":0,"href":"https:\/\/hostalolga.com\/fr\/wp-json\/wp\/v2\/pages\/6897\/revisions"}],"wp:attachment":[{"href":"https:\/\/hostalolga.com\/fr\/wp-json\/wp\/v2\/media?parent=6897"}],"curies":[{"name":"wp","href":"https:\/\/api.w.org\/{rel}","templated":true}]}}