{"id":6777,"date":"2025-06-09T11:43:21","date_gmt":"2025-06-09T09:43:21","guid":{"rendered":"https:\/\/hostalolga.com\/politica-de-privacidad-2\/"},"modified":"2025-06-09T11:55:35","modified_gmt":"2025-06-09T09:55:35","slug":"politica-de-privacidad-2","status":"publish","type":"page","link":"https:\/\/hostalolga.com\/es\/politica-de-privacidad-2\/","title":{"rendered":"POL\u00cdTICA DE PRIVACIDAD"},"content":{"rendered":"\n<h3 class=\"wp-block-heading\">CONDICIONES DE USO<\/h3>\n\n<p>En complimento de la Ley 34\/2002, de 11 de julio, de Servicios de la Sociedad de la Informacion y de Comercio Electr\u00f3nico [LSSI-CE). Hostal 52 SL informa que es titular del sitio web <a class=\"\" href=\"http:\/\/www.hostalolga.com\">www.hostalolga.com.<\/a> De acuerdo con la existencia del art\u00edculo 10 de la mencionada Ley hostal 52 sl SL informa de los siguientes datos: <\/p>\n\n<p>El titular de este sitio web es <strong>Hostal 52 SL<\/strong>, con CIF <strong>B17782145<\/strong> y domicilio social en la calle <strong>Josep Mundet n\u00ba 48, 48<\/strong>, <strong>Sant Antoni de Calonge, GIRONA<\/strong>.<br\/>La direcci\u00f3n de correo electr\u00f3nico de contacto con la empresa es: <strong><a>info@hostalolga.com<\/a><\/strong><\/p>\n\n<h3 class=\"wp-block-heading\">USUARIO Y R\u00c9GIMEN DE RESPONSABILIDADES<\/h3>\n\n<p>La navegaci\u00f3n, acceso y uso por el sitio web de <strong>HOSTAL 52 SL<\/strong> confiere la condici\u00f3n de usuario, por la que se aceptan, desde la navegaci\u00f3n por el sitio web de hostal 52 sl, todas las condiciones de uso aqu\u00ed establecidas sin perjuicio de la aplicaci\u00f3n de la correspondiente normativa de obligado cumplimiento legal seg\u00fan el caso.<\/p>\n\n<p>El sitio web de <strong>Hostal 52 SL.<\/strong> proporciona gran diversidad de informaci\u00f3n, servicios y datos. El usuario asume su responsabilidad en el uso correcto del sitio web. Esta responsabilidad se extender\u00e1 a:  <\/p>\n\n<ul class=\"wp-block-list\">\n<li>La veracidad y licitud de las informaciones aportadas por el usuario en los formularios para Hostal 52 SL para el acceso a determinados contenidos o servicios ofrecidos por la web.<\/li>\n\n\n\n<li>El uso de la informaci\u00f3n, servicios y datos ofrecidos por <strong>Hostal 52 SL<\/strong> contra all\u00ed dispuesto por las presentes condiciones, la Ley, la moral, las buenas costumbres o el orden p\u00fablico, o que de cualquier otro modo puedan suponer lesi\u00f3n de los derechos de terceros o del mismo funcionamiento del sitio web.<\/li>\n<\/ul>\n\n<h3 class=\"wp-block-heading\">POL\u00cdTICA DE ENLACES Y EXENCIONES DE RESPONSABILIDAD<\/h3>\n\n<p><strong>Hostal 52 sl<\/strong> no se hace responsable del contenido de los sitios web a los que el usuario pueda acceder a trav\u00e9s de los enlaces establecidos en su sitio web y declara que en ning\u00fan caso proceder\u00e1 a examinar o ejercitar ning\u00fan tipo de control sobre el contenido de otros sitios de la red.<\/p>\n\n<p>Asimismo, tampoco garantizar\u00e1 la disponibilidad t\u00e9cnica, exactitud, veracidad, validez o legalidad de sitios ajenos a su propiedad a los que se pueda acceder por medio de los enlaces.<\/p>\n\n<p><strong>Hostal 52 SL<\/strong> declara haber adoptado todas las medidas necesarias para evitar cualquier da\u00f1o a los usuarios de su sitio web, que pudieran derivarse de la navegaci\u00f3n por su sitio web. En consecuencia, <strong>Hostal 52 SL<\/strong> no se hace responsable, en ning\u00fan caso, de los eventuales da\u00f1os que por la navegaci\u00f3n por Internet pudiera sufrir el usuario. Internet. <\/p>\n\n<h3 class=\"wp-block-heading\">MODIFICACIONES<\/h3>\n\n<p><strong>Hostal 52 SL<\/strong> se reserva el derecho a realizar las modificaciones que considere oportunas, sin aviso previo, en el contenido de su sitio web. Tanto en cuanto a los contenidos del sitio web, como en las condiciones de uso del mismo. Estas modificaciones podr\u00e1n realizarse a trav\u00e9s de su sitio web por cualquier forma admisible en derecho y ser\u00e1n de obligado cumplimiento durante el tiempo en que se encuentren publicadas en la web y hasta que no sean modificadas v\u00e1lidamente por otras posteriores .<\/p>\n\n<h3 class=\"wp-block-heading\">PROTECCI\u00d3N DE DATOS<\/h3>\n\n<p>De conformidad con lo establecido en la Ley Org\u00e1nica 15\/1999 de Protecci\u00f3n de Datos de Car\u00e1cter Personal, <strong>Hostal 52 SL<\/strong> informa a los usuarios de su sitio web que los datos personales recogidos por la empresa, mediante los formularios en sus p\u00e1ginas, ser\u00e1n introducidos en un fichero automatizado bajo la responsabilidad de <strong>Hostal 52 SL<\/strong>, con la finalidad de poder facilitar, agilizar y cumplir los compromisos establecidos entre ambas partes.<\/p>\n\n<p>Asimismo, <strong>Hostal 52 SL <\/strong>informa de la posibilidad de ejercer los derechos de acceso, rectificaci\u00f3n, cancelaci\u00f3n y oposici\u00f3n mediante un escrito a la direcci\u00f3n: <strong>Carrer Tamarit, 39, 08205 Sabadell<\/strong>.<\/p>\n\n<p>Mientras el usuario no comunique lo contrario a Hostal 52 SL, \u00e9sta se entender\u00e1 que sus datos no han sido modificados, que el usuario se compromete a notificar a<strong> Hostal 52 SL<\/strong> cualquier variaci\u00f3n y que Hostal 52 SL tiene el consentimiento para utilizar a fin de poder fidelizar la relaci\u00f3n entre las partes.<\/p>\n\n<h3 class=\"wp-block-heading\">PROPIEDAD INTELECTUAL E INDUSTRIAL<\/h3>\n\n<p><strong>Hostal 52 SL<\/strong>, por s\u00ed misma o como cesionaria, es titular de todos los derechos de propiedad intelectual e industrial de su p\u00e1gina web, as\u00ed como de los elementos contenidos en la misma la t\u00edtulo enunciativo, im\u00e1genes, sonido, audio, v\u00eddeo, software o textos; marcas o logotipos, combinaciones de colores, estructura y dise\u00f1o, selecci\u00f3n de materiales usados, programas de ordenado r necesarios para su funcionamiento, acceso y uso, etc.), titularidad de <strong>Hostal 52 SL<\/strong>.<\/p>\n\n<p>Ser\u00e1n, por consiguiente, obras protegidas como propiedad intelectual por el ordenamiento jur\u00eddico espa\u00f1ol, si\u00e9ndoles aplicables tanto la normativa espa\u00f1ola y comunitaria en este campo, como los tratados internacionales relativos a la materia y suscritos por Espa\u00f1a. Todos los derechos reservados. <\/p>\n\n<p>En virtud de lo dispuesto en los art\u00edculos 8 y 32.1, p\u00e1rrafo segundo, de la Ley de Propiedad Intelectual, quedan expresamente prohibidas la reproducci\u00f3n, la distribuci\u00f3n y la comunicaci\u00f3n p\u00fablica, incluida su modalidad de puesta a disposici\u00f3n, de la totalidad o parte los contenidos de esta p\u00e1gina web, con fines comerciales, en cualquier soporte y por cualquier medio t\u00e9cnico, si no la autorizaci\u00f3n de <strong>Hostal 52 SL<\/strong>.<\/p>\n\n<p>El usuario se compromete a respetar los derechos de Propiedad Intelectual e Industria del titularidad de <strong>Hostal 52 SL.<\/strong> Podr\u00e1 visualizar los elementos del portal e incluso imprimirlos, copiarlos y almacenarlos en el disco duro de su ordenador o en cualquier otro soporte f\u00edsico siempre y cuando sea, \u00fanica y exclusivamente, para su uso personal y privado. El usuario deber\u00e1 abstenerse de suprimir, alterar, eludir o manipular cualquier dispositivo de protecci\u00f3n o sistema de seguridad que estuviera instalado en las p\u00e1ginas de <strong>Hostal 52 SL<\/strong>. <\/p>\n\n<h3 class=\"wp-block-heading\">ACCIONES LEGALES, LEGISLACI\u00d3N APLICABLE Y JURISDICCI\u00d3N<\/h3>\n\n<p><strong>Hostal 52 SL<\/strong> se reserva asimismo la facultad de presentar las acciones civiles o penales que considere oportunas por la utilizaci\u00f3n indebida de su sitio web y contenidos, o por el incumplimiento de las presentes condiciones.<\/p>\n\n<p>La relaci\u00f3n entre el usuario y el prestador se regir\u00e1 por la normativa vigente y de aplicaci\u00f3n en el territorio espa\u00f1ol. De surgir cualquier controversia las partes podr\u00e1n someter sus conflictos a arbitraje o acudir a la jurisdicci\u00f3n ordinaria cumpliendo con las normas sobre jurisdicci\u00f3n y competencia al respecto en los juzgados de <strong>Sabadell<\/strong>.  <\/p>\n","protected":false},"excerpt":{"rendered":"<p>CONDICIONES DE USO En complimento de la Ley 34\/2002, de 11 de julio, de Servicios de la Sociedad de la Informacion y de Comercio Electr\u00f3nico [LSSI-CE). Hostal 52 SL informa que es titular del sitio web www.hostalolga.com. De acuerdo con la existencia del art\u00edculo 10 de la mencionada Ley hostal 52 sl SL informa de &#8230;<\/p>\n","protected":false},"author":2,"featured_media":0,"parent":0,"menu_order":0,"comment_status":"closed","ping_status":"closed","template":"template-wide-content.php","meta":{"cozystay_single_page_hide_site_header":"","cozystay_single_page_site_header_source":"","cozystay_single_page_custom_site_header":"0","cozystay_single_page_custom_sticky_site_header":"0","cozystay_single_page_hide_page_title":"","cozystay_single_page_header_section_size":"","cozystay_single_page_header_background_color":"","cozystay_single_page_header_background_position_x":"center","cozystay_single_page_header_background_position_y":"center","cozystay_single_page_header_background_size":"cover","cozystay_single_page_header_background_repeat":"off","cozystay_single_page_header_background_scroll":"on","cozystay_single_page_header_text_color":"","cozystay_single_page_header_show_breadcrumb":"","cozystay_single_page_site_footer_hide_main":"","cozystay_single_custom_site_footer_main_source":"","cozystay_single_custom_site_footer_main":"0","cozystay_single_page_site_footer_hide_above":"","cozystay_single_custom_site_footer_above_source":"","cozystay_single_custom_site_footer_above":"0","cozystay_single_page_site_footer_hide_instagram":"","cozystay_single_page_site_footer_hide_bottom":"","cozystay_single_custom_mobile_menu_source":"","cozystay_single_custom_mobile_menu":"0","cozystay_single_custom_mobile_menu_animation":"","cozystay_single_custom_mobile_menu_width":"","cozystay_single_custom_mobile_menu_custom_width":375,"footnotes":""},"class_list":["post-6777","page","type-page","status-publish","hentry"],"yoast_head":"<!-- This site is optimized with the Yoast SEO plugin v27.4 - https:\/\/yoast.com\/product\/yoast-seo-wordpress\/ -->\n<title>POL\u00cdTICA DE PRIVACIDAD - Hostal Spa Olga<\/title>\n<meta name=\"robots\" content=\"index, follow, max-snippet:-1, max-image-preview:large, max-video-preview:-1\" \/>\n<link rel=\"canonical\" href=\"https:\/\/hostalolga.com\/es\/politica-de-privacidad-2\/\" \/>\n<meta property=\"og:locale\" content=\"es_ES\" \/>\n<meta property=\"og:type\" content=\"article\" \/>\n<meta property=\"og:title\" content=\"POL\u00cdTICA DE PRIVACIDAD - Hostal Spa Olga\" \/>\n<meta property=\"og:description\" content=\"CONDICIONES DE USO En complimento de la Ley 34\/2002, de 11 de julio, de Servicios de la Sociedad de la Informacion y de Comercio Electr\u00f3nico [LSSI-CE). Hostal 52 SL informa que es titular del sitio web www.hostalolga.com. De acuerdo con la existencia del art\u00edculo 10 de la mencionada Ley hostal 52 sl SL informa de ...\" \/>\n<meta property=\"og:url\" content=\"https:\/\/hostalolga.com\/es\/politica-de-privacidad-2\/\" \/>\n<meta property=\"og:site_name\" content=\"Hostal Spa Olga\" \/>\n<meta property=\"article:modified_time\" content=\"2025-06-09T09:55:35+00:00\" \/>\n<meta name=\"twitter:card\" content=\"summary_large_image\" \/>\n<meta name=\"twitter:label1\" content=\"Tiempo de lectura\" \/>\n\t<meta name=\"twitter:data1\" content=\"5 minutos\" \/>\n<script type=\"application\/ld+json\" class=\"yoast-schema-graph\">{\"@context\":\"https:\\\/\\\/schema.org\",\"@graph\":[{\"@type\":\"WebPage\",\"@id\":\"https:\\\/\\\/hostalolga.com\\\/es\\\/politica-de-privacidad-2\\\/\",\"url\":\"https:\\\/\\\/hostalolga.com\\\/es\\\/politica-de-privacidad-2\\\/\",\"name\":\"POL\u00cdTICA DE PRIVACIDAD - Hostal Spa Olga\",\"isPartOf\":{\"@id\":\"https:\\\/\\\/hostalolga.com\\\/es\\\/#website\"},\"datePublished\":\"2025-06-09T09:43:21+00:00\",\"dateModified\":\"2025-06-09T09:55:35+00:00\",\"breadcrumb\":{\"@id\":\"https:\\\/\\\/hostalolga.com\\\/es\\\/politica-de-privacidad-2\\\/#breadcrumb\"},\"inLanguage\":\"es\",\"potentialAction\":[{\"@type\":\"ReadAction\",\"target\":[\"https:\\\/\\\/hostalolga.com\\\/es\\\/politica-de-privacidad-2\\\/\"]}]},{\"@type\":\"BreadcrumbList\",\"@id\":\"https:\\\/\\\/hostalolga.com\\\/es\\\/politica-de-privacidad-2\\\/#breadcrumb\",\"itemListElement\":[{\"@type\":\"ListItem\",\"position\":1,\"name\":\"Portada\",\"item\":\"https:\\\/\\\/hostalolga.com\\\/es\\\/\"},{\"@type\":\"ListItem\",\"position\":2,\"name\":\"POL\u00cdTICA DE PRIVACIDAD\"}]},{\"@type\":\"WebSite\",\"@id\":\"https:\\\/\\\/hostalolga.com\\\/es\\\/#website\",\"url\":\"https:\\\/\\\/hostalolga.com\\\/es\\\/\",\"name\":\"Hostal Spa Olga\",\"description\":\"Un m\u00f3n de sabor i confort a tocar del mar\",\"publisher\":{\"@id\":\"https:\\\/\\\/hostalolga.com\\\/es\\\/#organization\"},\"potentialAction\":[{\"@type\":\"SearchAction\",\"target\":{\"@type\":\"EntryPoint\",\"urlTemplate\":\"https:\\\/\\\/hostalolga.com\\\/es\\\/?s={search_term_string}\"},\"query-input\":{\"@type\":\"PropertyValueSpecification\",\"valueRequired\":true,\"valueName\":\"search_term_string\"}}],\"inLanguage\":\"es\"},{\"@type\":\"Organization\",\"@id\":\"https:\\\/\\\/hostalolga.com\\\/es\\\/#organization\",\"name\":\"Hostal Spa Olga\",\"url\":\"https:\\\/\\\/hostalolga.com\\\/es\\\/\",\"logo\":{\"@type\":\"ImageObject\",\"inLanguage\":\"es\",\"@id\":\"https:\\\/\\\/hostalolga.com\\\/es\\\/#\\\/schema\\\/logo\\\/image\\\/\",\"url\":\"https:\\\/\\\/hostalolga.com\\\/wp-content\\\/uploads\\\/2025\\\/03\\\/cropped-Diseno-sin-titulo-7.png\",\"contentUrl\":\"https:\\\/\\\/hostalolga.com\\\/wp-content\\\/uploads\\\/2025\\\/03\\\/cropped-Diseno-sin-titulo-7.png\",\"width\":857,\"height\":537,\"caption\":\"Hostal Spa Olga\"},\"image\":{\"@id\":\"https:\\\/\\\/hostalolga.com\\\/es\\\/#\\\/schema\\\/logo\\\/image\\\/\"}}]}<\/script>\n<!-- \/ Yoast SEO plugin. -->","yoast_head_json":{"title":"POL\u00cdTICA DE PRIVACIDAD - Hostal Spa Olga","robots":{"index":"index","follow":"follow","max-snippet":"max-snippet:-1","max-image-preview":"max-image-preview:large","max-video-preview":"max-video-preview:-1"},"canonical":"https:\/\/hostalolga.com\/es\/politica-de-privacidad-2\/","og_locale":"es_ES","og_type":"article","og_title":"POL\u00cdTICA DE PRIVACIDAD - Hostal Spa Olga","og_description":"CONDICIONES DE USO En complimento de la Ley 34\/2002, de 11 de julio, de Servicios de la Sociedad de la Informacion y de Comercio Electr\u00f3nico [LSSI-CE). Hostal 52 SL informa que es titular del sitio web www.hostalolga.com. De acuerdo con la existencia del art\u00edculo 10 de la mencionada Ley hostal 52 sl SL informa de ...","og_url":"https:\/\/hostalolga.com\/es\/politica-de-privacidad-2\/","og_site_name":"Hostal Spa Olga","article_modified_time":"2025-06-09T09:55:35+00:00","twitter_card":"summary_large_image","twitter_misc":{"Tiempo de lectura":"5 minutos"},"schema":{"@context":"https:\/\/schema.org","@graph":[{"@type":"WebPage","@id":"https:\/\/hostalolga.com\/es\/politica-de-privacidad-2\/","url":"https:\/\/hostalolga.com\/es\/politica-de-privacidad-2\/","name":"POL\u00cdTICA DE PRIVACIDAD - Hostal Spa Olga","isPartOf":{"@id":"https:\/\/hostalolga.com\/es\/#website"},"datePublished":"2025-06-09T09:43:21+00:00","dateModified":"2025-06-09T09:55:35+00:00","breadcrumb":{"@id":"https:\/\/hostalolga.com\/es\/politica-de-privacidad-2\/#breadcrumb"},"inLanguage":"es","potentialAction":[{"@type":"ReadAction","target":["https:\/\/hostalolga.com\/es\/politica-de-privacidad-2\/"]}]},{"@type":"BreadcrumbList","@id":"https:\/\/hostalolga.com\/es\/politica-de-privacidad-2\/#breadcrumb","itemListElement":[{"@type":"ListItem","position":1,"name":"Portada","item":"https:\/\/hostalolga.com\/es\/"},{"@type":"ListItem","position":2,"name":"POL\u00cdTICA DE PRIVACIDAD"}]},{"@type":"WebSite","@id":"https:\/\/hostalolga.com\/es\/#website","url":"https:\/\/hostalolga.com\/es\/","name":"Hostal Spa Olga","description":"Un m\u00f3n de sabor i confort a tocar del mar","publisher":{"@id":"https:\/\/hostalolga.com\/es\/#organization"},"potentialAction":[{"@type":"SearchAction","target":{"@type":"EntryPoint","urlTemplate":"https:\/\/hostalolga.com\/es\/?s={search_term_string}"},"query-input":{"@type":"PropertyValueSpecification","valueRequired":true,"valueName":"search_term_string"}}],"inLanguage":"es"},{"@type":"Organization","@id":"https:\/\/hostalolga.com\/es\/#organization","name":"Hostal Spa Olga","url":"https:\/\/hostalolga.com\/es\/","logo":{"@type":"ImageObject","inLanguage":"es","@id":"https:\/\/hostalolga.com\/es\/#\/schema\/logo\/image\/","url":"https:\/\/hostalolga.com\/wp-content\/uploads\/2025\/03\/cropped-Diseno-sin-titulo-7.png","contentUrl":"https:\/\/hostalolga.com\/wp-content\/uploads\/2025\/03\/cropped-Diseno-sin-titulo-7.png","width":857,"height":537,"caption":"Hostal Spa Olga"},"image":{"@id":"https:\/\/hostalolga.com\/es\/#\/schema\/logo\/image\/"}}]}},"_links":{"self":[{"href":"https:\/\/hostalolga.com\/es\/wp-json\/wp\/v2\/pages\/6777","targetHints":{"allow":["GET"]}}],"collection":[{"href":"https:\/\/hostalolga.com\/es\/wp-json\/wp\/v2\/pages"}],"about":[{"href":"https:\/\/hostalolga.com\/es\/wp-json\/wp\/v2\/types\/page"}],"author":[{"embeddable":true,"href":"https:\/\/hostalolga.com\/es\/wp-json\/wp\/v2\/users\/2"}],"replies":[{"embeddable":true,"href":"https:\/\/hostalolga.com\/es\/wp-json\/wp\/v2\/comments?post=6777"}],"version-history":[{"count":0,"href":"https:\/\/hostalolga.com\/es\/wp-json\/wp\/v2\/pages\/6777\/revisions"}],"wp:attachment":[{"href":"https:\/\/hostalolga.com\/es\/wp-json\/wp\/v2\/media?parent=6777"}],"curies":[{"name":"wp","href":"https:\/\/api.w.org\/{rel}","templated":true}]}}